{"id":120,"date":"2014-05-16T16:04:08","date_gmt":"2014-05-16T14:04:08","guid":{"rendered":"https:\/\/www.kampeerverblijfparkterduinen.be\/?page_id=120"},"modified":"2025-03-18T10:50:42","modified_gmt":"2025-03-18T09:50:42","slug":"reservation-fr","status":"publish","type":"page","link":"https:\/\/kampeerverblijfparkterduinen.be\/fr\/reservation-fr\/","title":{"rendered":"R\u00e9servation"},"content":{"rendered":"<p class=\"p1\"><b>Informations importantes sur les r\u00e9servations<\/b><b><\/b><\/p>\n<ul>\n<li class=\"p4\"><span class=\"s1\"><b>Haute saison (juillet et ao\u00fbt) :<\/b><\/span> Les r\u00e9servations pour caravanes et mobil-homes sont possibles uniquement \u00e0 partir de <span class=\"s1\"><b>quatre jours<\/b><\/span> et ne sont valables qu\u2019apr\u00e8s <span class=\"s1\"><b>confirmation<\/b><\/span>. Pour des s\u00e9jours plus courts, veuillez consulter la r\u00e9ception pour conna\u00eetre les disponibilit\u00e9s.<\/li>\n<li class=\"p4\"><span class=\"s1\"><b>Hors saison :<\/b><\/span> La dur\u00e9e minimale du s\u00e9jour est de <span class=\"s1\"><b>deux nuits<\/b><\/span>.<\/li>\n<li class=\"p4\"><span class=\"s1\"><b>Acc\u00e8s :<\/b><\/span> Vous devez pr\u00e9senter une <span class=\"s1\"><b>confirmation de r\u00e9servation<\/b><\/span> re\u00e7ue par e-mail avant votre arriv\u00e9e au camping.<\/li>\n<\/ul>\n<p class=\"p1\"><b>Horaires de la r\u00e9ception<\/b><b><\/b><\/p>\n<ul>\n<li class=\"p4\"><span class=\"s1\"><b>Basse et moyenne saison :<\/b><\/span> 09h00 \u2013 11h00 et 13h00 \u2013 16h00<\/li>\n<li class=\"p4\"><span class=\"s1\"><b>Pause d\u00e9jeuner :<\/b><\/span> Ferm\u00e9 entre 11h30 et 13h00<\/li>\n<\/ul>\n<p class=\"p1\"><b>P\u00e9riode d\u2019ouverture<br \/>\n<\/b><b><\/b>Le camping est ouvert jusqu\u2019\u00e0 <span class=\"s1\"><b>fin septembre<\/b><\/span> pour les caravanes tractables et les camping-cars.<\/p>\n","protected":false},"excerpt":{"rendered":"<p>Informations importantes sur les r\u00e9servations Haute saison (juillet et ao\u00fbt) : Les r\u00e9servations pour caravanes et mobil-homes sont possibles uniquement \u00e0 partir de quatre jours et ne sont valables qu\u2019apr\u00e8s confirmation. Pour des s\u00e9jours plus courts, veuillez consulter la r\u00e9ception pour conna\u00eetre les disponibilit\u00e9s. Hors saison : La dur\u00e9e minimale du s\u00e9jour est de deux [&hellip;]<\/p>\n","protected":false},"author":1,"featured_media":172,"parent":0,"menu_order":5,"comment_status":"closed","ping_status":"closed","template":"templates\/reservation.php","meta":{"ngg_post_thumbnail":0,"footnotes":""},"class_list":["post-120","page","type-page","status-publish","has-post-thumbnail","hentry"],"_links":{"self":[{"href":"https:\/\/kampeerverblijfparkterduinen.be\/fr\/wp-json\/wp\/v2\/pages\/120","targetHints":{"allow":["GET"]}}],"collection":[{"href":"https:\/\/kampeerverblijfparkterduinen.be\/fr\/wp-json\/wp\/v2\/pages"}],"about":[{"href":"https:\/\/kampeerverblijfparkterduinen.be\/fr\/wp-json\/wp\/v2\/types\/page"}],"author":[{"embeddable":true,"href":"https:\/\/kampeerverblijfparkterduinen.be\/fr\/wp-json\/wp\/v2\/users\/1"}],"replies":[{"embeddable":true,"href":"https:\/\/kampeerverblijfparkterduinen.be\/fr\/wp-json\/wp\/v2\/comments?post=120"}],"version-history":[{"count":9,"href":"https:\/\/kampeerverblijfparkterduinen.be\/fr\/wp-json\/wp\/v2\/pages\/120\/revisions"}],"predecessor-version":[{"id":1239,"href":"https:\/\/kampeerverblijfparkterduinen.be\/fr\/wp-json\/wp\/v2\/pages\/120\/revisions\/1239"}],"wp:featuredmedia":[{"embeddable":true,"href":"https:\/\/kampeerverblijfparkterduinen.be\/fr\/wp-json\/wp\/v2\/media\/172"}],"wp:attachment":[{"href":"https:\/\/kampeerverblijfparkterduinen.be\/fr\/wp-json\/wp\/v2\/media?parent=120"}],"curies":[{"name":"wp","href":"https:\/\/api.w.org\/{rel}","templated":true}]}}