{"id":116,"date":"2014-05-16T15:59:11","date_gmt":"2014-05-16T13:59:11","guid":{"rendered":"https:\/\/www.kampeerverblijfparkterduinen.be\/?page_id=116"},"modified":"2014-05-19T10:35:05","modified_gmt":"2014-05-19T08:35:05","slug":"bruges-fr","status":"publish","type":"page","link":"https:\/\/kampeerverblijfparkterduinen.be\/fr\/alentours\/bruges-fr\/","title":{"rendered":"Bruges"},"content":{"rendered":"<p>Est-ce qu&rsquo;il faut encore introduire &lsquo;la Venise du Nord&rsquo;? Cette destination renomm\u00e9e h\u00e9berge un tr\u00e9sor d&rsquo;arts et culturel.<\/p>\n<p>Le beffroi, la salle de concert o\u00f9 la chapelle du saint sang ne sont que quelques attractions dans cette ville au caract\u00e8re de moyen-\u00e2ge.<\/p>\n<p>Il y a plein d&rsquo;activit\u00e9s et de mus\u00e9es:<\/p>\n<ul>\n<li><a title=\"Diamond Museum\" href=\"http:\/\/www.diamondmuseum.be\" target=\"_blank\">Mus\u00e9e du diamant<\/a><\/li>\n<li><a title=\"Chocolademuseum\" href=\"http:\/\/www.choco-story.be\" target=\"_blank\">Mus\u00e9e du chocoloat<\/a><\/li>\n<li><a title=\"De Halve Maan\" href=\"http:\/\/www.halvemaan.be\" target=\"_blank\">La brasserie familiale \u2018Straffe Hendrik\u2019<\/a><\/li>\n<li>&#8230;<\/li>\n<\/ul>\n<p>Vous pouvez consutler une liste compl\u00e8te sur <a title=\"visit bruges\" href=\"http:\/\/www.visitbruges.be\" target=\"_blank\">visitbruges.be<\/a> o\u00f9 le site web de la <a title=\"Stad Brugge\" href=\"http:\/\/www.brugge.be\" target=\"_blank\">Ville de Bruges<\/a>.<\/p>\n","protected":false},"excerpt":{"rendered":"<p>Est-ce qu&rsquo;il faut encore introduire &lsquo;la Venise du Nord&rsquo;? Cette destination renomm\u00e9e h\u00e9berge un tr\u00e9sor d&rsquo;arts et culturel. Le beffroi, la salle de concert o\u00f9 la chapelle du saint sang ne sont que quelques attractions dans cette ville au caract\u00e8re de moyen-\u00e2ge. Il y a plein d&rsquo;activit\u00e9s et de mus\u00e9es: Mus\u00e9e du diamant Mus\u00e9e du [&hellip;]<\/p>\n","protected":false},"author":1,"featured_media":0,"parent":106,"menu_order":5,"comment_status":"closed","ping_status":"closed","template":"","meta":{"ngg_post_thumbnail":0,"footnotes":""},"class_list":["post-116","page","type-page","status-publish","hentry"],"_links":{"self":[{"href":"https:\/\/kampeerverblijfparkterduinen.be\/fr\/wp-json\/wp\/v2\/pages\/116","targetHints":{"allow":["GET"]}}],"collection":[{"href":"https:\/\/kampeerverblijfparkterduinen.be\/fr\/wp-json\/wp\/v2\/pages"}],"about":[{"href":"https:\/\/kampeerverblijfparkterduinen.be\/fr\/wp-json\/wp\/v2\/types\/page"}],"author":[{"embeddable":true,"href":"https:\/\/kampeerverblijfparkterduinen.be\/fr\/wp-json\/wp\/v2\/users\/1"}],"replies":[{"embeddable":true,"href":"https:\/\/kampeerverblijfparkterduinen.be\/fr\/wp-json\/wp\/v2\/comments?post=116"}],"version-history":[{"count":1,"href":"https:\/\/kampeerverblijfparkterduinen.be\/fr\/wp-json\/wp\/v2\/pages\/116\/revisions"}],"predecessor-version":[{"id":117,"href":"https:\/\/kampeerverblijfparkterduinen.be\/fr\/wp-json\/wp\/v2\/pages\/116\/revisions\/117"}],"up":[{"embeddable":true,"href":"https:\/\/kampeerverblijfparkterduinen.be\/fr\/wp-json\/wp\/v2\/pages\/106"}],"wp:attachment":[{"href":"https:\/\/kampeerverblijfparkterduinen.be\/fr\/wp-json\/wp\/v2\/media?parent=116"}],"curies":[{"name":"wp","href":"https:\/\/api.w.org\/{rel}","templated":true}]}}