{"id":114,"date":"2014-05-16T15:51:10","date_gmt":"2014-05-16T13:51:10","guid":{"rendered":"https:\/\/www.kampeerverblijfparkterduinen.be\/?page_id=114"},"modified":"2014-05-19T09:57:48","modified_gmt":"2014-05-19T07:57:48","slug":"la-plage-et-la-mer","status":"publish","type":"page","link":"https:\/\/kampeerverblijfparkterduinen.be\/fr\/alentours\/la-plage-et-la-mer\/","title":{"rendered":"La plage et la mer"},"content":{"rendered":"<p>Le littoral belge. On peut y prendre un bain de soleil, plonger dans la mer, faire de la p\u00eache \u00e0 la ligne, jouer au volleyball ou au football avec des amis, lancer un cerf-volant, construire des ch\u00e2teaux de sable, fl\u00e2ner, se complaire \u00e0 regarder le coucher de soleil ou se promener le long de la mer. Les magnifiques digues de mer de De Haan et Wenduine vous invitent \u00e0 venir boire un verre \u00e0 l&rsquo;une ou l&rsquo;autre terrasse.<\/p>\n<p>En tant que stations baln\u00e9aires familiales, elles organisent depuis des ann\u00e9es les meilleures concours de plage pour enfants: la chasse aux tr\u00e9sors, la course en sac, les magasins de fleurs, les figurines de sable\u2026<\/p>\n","protected":false},"excerpt":{"rendered":"<p>Le littoral belge. On peut y prendre un bain de soleil, plonger dans la mer, faire de la p\u00eache \u00e0 la ligne, jouer au volleyball ou au football avec des amis, lancer un cerf-volant, construire des ch\u00e2teaux de sable, fl\u00e2ner, se complaire \u00e0 regarder le coucher de soleil ou se promener le long de la [&hellip;]<\/p>\n","protected":false},"author":1,"featured_media":0,"parent":106,"menu_order":4,"comment_status":"closed","ping_status":"closed","template":"","meta":{"ngg_post_thumbnail":0,"footnotes":""},"class_list":["post-114","page","type-page","status-publish","hentry"],"_links":{"self":[{"href":"https:\/\/kampeerverblijfparkterduinen.be\/fr\/wp-json\/wp\/v2\/pages\/114","targetHints":{"allow":["GET"]}}],"collection":[{"href":"https:\/\/kampeerverblijfparkterduinen.be\/fr\/wp-json\/wp\/v2\/pages"}],"about":[{"href":"https:\/\/kampeerverblijfparkterduinen.be\/fr\/wp-json\/wp\/v2\/types\/page"}],"author":[{"embeddable":true,"href":"https:\/\/kampeerverblijfparkterduinen.be\/fr\/wp-json\/wp\/v2\/users\/1"}],"replies":[{"embeddable":true,"href":"https:\/\/kampeerverblijfparkterduinen.be\/fr\/wp-json\/wp\/v2\/comments?post=114"}],"version-history":[{"count":1,"href":"https:\/\/kampeerverblijfparkterduinen.be\/fr\/wp-json\/wp\/v2\/pages\/114\/revisions"}],"predecessor-version":[{"id":115,"href":"https:\/\/kampeerverblijfparkterduinen.be\/fr\/wp-json\/wp\/v2\/pages\/114\/revisions\/115"}],"up":[{"embeddable":true,"href":"https:\/\/kampeerverblijfparkterduinen.be\/fr\/wp-json\/wp\/v2\/pages\/106"}],"wp:attachment":[{"href":"https:\/\/kampeerverblijfparkterduinen.be\/fr\/wp-json\/wp\/v2\/media?parent=114"}],"curies":[{"name":"wp","href":"https:\/\/api.w.org\/{rel}","templated":true}]}}