{"id":110,"date":"2014-05-16T15:49:44","date_gmt":"2014-05-16T13:49:44","guid":{"rendered":"https:\/\/www.kampeerverblijfparkterduinen.be\/?page_id=110"},"modified":"2014-05-19T09:52:59","modified_gmt":"2014-05-19T07:52:59","slug":"t-bosje-fr","status":"publish","type":"page","link":"https:\/\/kampeerverblijfparkterduinen.be\/fr\/alentours\/t-bosje-fr\/","title":{"rendered":"&lsquo;t Bosje"},"content":{"rendered":"<p>Les dunes bois\u00e9es (157 ha) sont typiques pour De Haan &#8211; Wenduine. Elles se r\u00e9partissent \u00e0 une distance de 150 \u00e0 700 m de la mer. Du point de vue de la sylviculture, c&rsquo;est d\u00e9j\u00e0 une curiosit\u00e9. Les arbres doivent combattre les \u00e9l\u00e9ments de la nature &#8211; sel et vent de mer &#8211; qui ne leur sont pas tellement favorables. C&rsquo;est une chose unique de pr\u00e9server les bois intacts. Les bois sont sillonn\u00e9s de nombreux petits chemins et sentiers. La zone bois\u00e9e De Haan-Centre-Vosseslag est \u00e9galement exceptionnelle comme endroit de promenades et de nature. N&rsquo;oublions pas les r\u00e9serves naturelles \u00ab\u00a0Kijkuit\u00a0\u00bb et \u00ab\u00a0Zandpanne\u00a0\u00bb.<\/p>\n","protected":false},"excerpt":{"rendered":"<p>Les dunes bois\u00e9es (157 ha) sont typiques pour De Haan &#8211; Wenduine. Elles se r\u00e9partissent \u00e0 une distance de 150 \u00e0 700 m de la mer. Du point de vue de la sylviculture, c&rsquo;est d\u00e9j\u00e0 une curiosit\u00e9. Les arbres doivent combattre les \u00e9l\u00e9ments de la nature &#8211; sel et vent de mer &#8211; qui ne [&hellip;]<\/p>\n","protected":false},"author":1,"featured_media":0,"parent":106,"menu_order":2,"comment_status":"closed","ping_status":"closed","template":"","meta":{"ngg_post_thumbnail":0,"footnotes":""},"class_list":["post-110","page","type-page","status-publish","hentry"],"_links":{"self":[{"href":"https:\/\/kampeerverblijfparkterduinen.be\/fr\/wp-json\/wp\/v2\/pages\/110","targetHints":{"allow":["GET"]}}],"collection":[{"href":"https:\/\/kampeerverblijfparkterduinen.be\/fr\/wp-json\/wp\/v2\/pages"}],"about":[{"href":"https:\/\/kampeerverblijfparkterduinen.be\/fr\/wp-json\/wp\/v2\/types\/page"}],"author":[{"embeddable":true,"href":"https:\/\/kampeerverblijfparkterduinen.be\/fr\/wp-json\/wp\/v2\/users\/1"}],"replies":[{"embeddable":true,"href":"https:\/\/kampeerverblijfparkterduinen.be\/fr\/wp-json\/wp\/v2\/comments?post=110"}],"version-history":[{"count":1,"href":"https:\/\/kampeerverblijfparkterduinen.be\/fr\/wp-json\/wp\/v2\/pages\/110\/revisions"}],"predecessor-version":[{"id":111,"href":"https:\/\/kampeerverblijfparkterduinen.be\/fr\/wp-json\/wp\/v2\/pages\/110\/revisions\/111"}],"up":[{"embeddable":true,"href":"https:\/\/kampeerverblijfparkterduinen.be\/fr\/wp-json\/wp\/v2\/pages\/106"}],"wp:attachment":[{"href":"https:\/\/kampeerverblijfparkterduinen.be\/fr\/wp-json\/wp\/v2\/media?parent=110"}],"curies":[{"name":"wp","href":"https:\/\/api.w.org\/{rel}","templated":true}]}}