{"id":108,"date":"2014-05-16T15:49:03","date_gmt":"2014-05-16T13:49:03","guid":{"rendered":"https:\/\/www.kampeerverblijfparkterduinen.be\/?page_id=108"},"modified":"2014-05-19T16:36:06","modified_gmt":"2014-05-19T14:36:06","slug":"de-haan-fr","status":"publish","type":"page","link":"https:\/\/kampeerverblijfparkterduinen.be\/fr\/alentours\/de-haan-fr\/","title":{"rendered":"De Haan"},"content":{"rendered":"<p>De Haan est situ\u00e9 au centre de la c\u00f4te belge \u00e0 quelque 20 km de la ville historique de Brugge et de la petite ville pittoresque de Damme.<br \/>\nL&rsquo;hospitalit\u00e9, l&rsquo;ambiance accueillante et la relaxation salutaire\u2026 voil\u00e0 les principaux atouts de nos centres de vacances charmants.<br \/>\nDes feux d&rsquo;artifice, des spectacles artistiques en plein air, des f\u00eates folkloriques, des concerts-promenades, des sessions de jazz et des bals en plein air\u2026 autant d&rsquo;\u00e9v\u00e9nements qui animent votre s\u00e9jour de vacances.<\/p>\n<p><a href=\"http:\/\/www.dehaan.be\" target=\"_blank\">www.dehaan.be<\/a><\/p>\n","protected":false},"excerpt":{"rendered":"<p>De Haan est situ\u00e9 au centre de la c\u00f4te belge \u00e0 quelque 20 km de la ville historique de Brugge et de la petite ville pittoresque de Damme. L&rsquo;hospitalit\u00e9, l&rsquo;ambiance accueillante et la relaxation salutaire\u2026 voil\u00e0 les principaux atouts de nos centres de vacances charmants. Des feux d&rsquo;artifice, des spectacles artistiques en plein air, des [&hellip;]<\/p>\n","protected":false},"author":1,"featured_media":0,"parent":106,"menu_order":1,"comment_status":"closed","ping_status":"closed","template":"","meta":{"ngg_post_thumbnail":0,"footnotes":""},"class_list":["post-108","page","type-page","status-publish","hentry"],"_links":{"self":[{"href":"https:\/\/kampeerverblijfparkterduinen.be\/fr\/wp-json\/wp\/v2\/pages\/108","targetHints":{"allow":["GET"]}}],"collection":[{"href":"https:\/\/kampeerverblijfparkterduinen.be\/fr\/wp-json\/wp\/v2\/pages"}],"about":[{"href":"https:\/\/kampeerverblijfparkterduinen.be\/fr\/wp-json\/wp\/v2\/types\/page"}],"author":[{"embeddable":true,"href":"https:\/\/kampeerverblijfparkterduinen.be\/fr\/wp-json\/wp\/v2\/users\/1"}],"replies":[{"embeddable":true,"href":"https:\/\/kampeerverblijfparkterduinen.be\/fr\/wp-json\/wp\/v2\/comments?post=108"}],"version-history":[{"count":3,"href":"https:\/\/kampeerverblijfparkterduinen.be\/fr\/wp-json\/wp\/v2\/pages\/108\/revisions"}],"predecessor-version":[{"id":195,"href":"https:\/\/kampeerverblijfparkterduinen.be\/fr\/wp-json\/wp\/v2\/pages\/108\/revisions\/195"}],"up":[{"embeddable":true,"href":"https:\/\/kampeerverblijfparkterduinen.be\/fr\/wp-json\/wp\/v2\/pages\/106"}],"wp:attachment":[{"href":"https:\/\/kampeerverblijfparkterduinen.be\/fr\/wp-json\/wp\/v2\/media?parent=108"}],"curies":[{"name":"wp","href":"https:\/\/api.w.org\/{rel}","templated":true}]}}