{"id":106,"date":"2014-05-16T15:47:45","date_gmt":"2014-05-16T13:47:45","guid":{"rendered":"https:\/\/www.kampeerverblijfparkterduinen.be\/?page_id=106"},"modified":"2014-05-19T16:35:18","modified_gmt":"2014-05-19T14:35:18","slug":"alentours","status":"publish","type":"page","link":"https:\/\/kampeerverblijfparkterduinen.be\/fr\/alentours\/","title":{"rendered":"Alentours"},"content":{"rendered":"<p>&lsquo;The place to be&rsquo; pour le vacancier actif. Vous avez le choix enter un paradis subtropical, des piscines couvertes, un parcours de golf renomm\u00e9 (18 holes), la p\u00eache gratuite, l&rsquo;\u00e9quitation, tennis, bowling, squash, le tir \u00e0 l&rsquo;arc, jouer au foot, mountainbiking, plusieurs moyens pour jouer au minigolf, et tout ce que vous pouvez vous imaginer&#8230;<\/p>\n<p>La proximit\u00e9 de villes c\u00f4ti\u00e8res et villes historiques sont parfaites<br \/>\npour faire des excursions:<\/p>\n<ul>\n<li><a title=\"Brugge\" href=\"http:\/\/www.brugge.be\" target=\"_blank\">Bruges<\/a><\/li>\n<li><a title=\"Damme\" href=\"http:\/\/ww.damme.be\" target=\"_blank\">Damme<\/a><\/li>\n<li><a title=\"Oostende\" href=\"http:\/\/www.oostende.be\" target=\"_blank\">Ostende<\/a><\/li>\n<li><a title=\"Blankenberge\" href=\"http:\/\/www.blankenberge.be\" target=\"_blank\">Blankenberge<\/a><\/li>\n<\/ul>\n","protected":false},"excerpt":{"rendered":"<p>&lsquo;The place to be&rsquo; pour le vacancier actif. Vous avez le choix enter un paradis subtropical, des piscines couvertes, un parcours de golf renomm\u00e9 (18 holes), la p\u00eache gratuite, l&rsquo;\u00e9quitation, tennis, bowling, squash, le tir \u00e0 l&rsquo;arc, jouer au foot, mountainbiking, plusieurs moyens pour jouer au minigolf, et tout ce que vous pouvez vous imaginer&#8230; [&hellip;]<\/p>\n","protected":false},"author":1,"featured_media":192,"parent":0,"menu_order":3,"comment_status":"closed","ping_status":"closed","template":"","meta":{"ngg_post_thumbnail":0,"footnotes":""},"class_list":["post-106","page","type-page","status-publish","has-post-thumbnail","hentry"],"_links":{"self":[{"href":"https:\/\/kampeerverblijfparkterduinen.be\/fr\/wp-json\/wp\/v2\/pages\/106","targetHints":{"allow":["GET"]}}],"collection":[{"href":"https:\/\/kampeerverblijfparkterduinen.be\/fr\/wp-json\/wp\/v2\/pages"}],"about":[{"href":"https:\/\/kampeerverblijfparkterduinen.be\/fr\/wp-json\/wp\/v2\/types\/page"}],"author":[{"embeddable":true,"href":"https:\/\/kampeerverblijfparkterduinen.be\/fr\/wp-json\/wp\/v2\/users\/1"}],"replies":[{"embeddable":true,"href":"https:\/\/kampeerverblijfparkterduinen.be\/fr\/wp-json\/wp\/v2\/comments?post=106"}],"version-history":[{"count":2,"href":"https:\/\/kampeerverblijfparkterduinen.be\/fr\/wp-json\/wp\/v2\/pages\/106\/revisions"}],"predecessor-version":[{"id":193,"href":"https:\/\/kampeerverblijfparkterduinen.be\/fr\/wp-json\/wp\/v2\/pages\/106\/revisions\/193"}],"wp:featuredmedia":[{"embeddable":true,"href":"https:\/\/kampeerverblijfparkterduinen.be\/fr\/wp-json\/wp\/v2\/media\/192"}],"wp:attachment":[{"href":"https:\/\/kampeerverblijfparkterduinen.be\/fr\/wp-json\/wp\/v2\/media?parent=106"}],"curies":[{"name":"wp","href":"https:\/\/api.w.org\/{rel}","templated":true}]}}