{"id":104,"date":"2014-05-16T15:41:44","date_gmt":"2014-05-16T13:41:44","guid":{"rendered":"https:\/\/www.kampeerverblijfparkterduinen.be\/?page_id=104"},"modified":"2020-08-07T10:31:38","modified_gmt":"2020-08-07T08:31:38","slug":"equipements","status":"publish","type":"page","link":"https:\/\/kampeerverblijfparkterduinen.be\/fr\/equipements\/","title":{"rendered":"Equipements"},"content":{"rendered":"<p>Toutes les \u00e9quipements modernes sont disponibles au camping:<\/p>\n<ul>\n<li>wasserette<\/li>\n<li>atelier \u00e0 repassage<\/li>\n<li>terrain de jeu<\/li>\n<\/ul>\n<p>Le parc emplacement de camping Ter Duinen pense aux technologies et communications les plus modernes. En 2007, nous avons investi dans un complex informatique tout \u00e0 fait neuf. Dans ce b\u00e2timent, vous \u00eates le bienvenue avec votre ordinateur portable pour vous connecter avec l&rsquo;internet. Consulter vos e-mails est donc tr\u00e8s facile dans le parc.<\/p>\n","protected":false},"excerpt":{"rendered":"<p>Toutes les \u00e9quipements modernes sont disponibles au camping: wasserette atelier \u00e0 repassage terrain de jeu Le parc emplacement de camping Ter Duinen pense aux technologies et communications les plus modernes. En 2007, nous avons investi dans un complex informatique tout \u00e0 fait neuf. Dans ce b\u00e2timent, vous \u00eates le bienvenue avec votre ordinateur portable pour [&hellip;]<\/p>\n","protected":false},"author":1,"featured_media":0,"parent":0,"menu_order":2,"comment_status":"closed","ping_status":"closed","template":"","meta":{"ngg_post_thumbnail":0,"footnotes":""},"class_list":["post-104","page","type-page","status-publish","hentry"],"_links":{"self":[{"href":"https:\/\/kampeerverblijfparkterduinen.be\/fr\/wp-json\/wp\/v2\/pages\/104","targetHints":{"allow":["GET"]}}],"collection":[{"href":"https:\/\/kampeerverblijfparkterduinen.be\/fr\/wp-json\/wp\/v2\/pages"}],"about":[{"href":"https:\/\/kampeerverblijfparkterduinen.be\/fr\/wp-json\/wp\/v2\/types\/page"}],"author":[{"embeddable":true,"href":"https:\/\/kampeerverblijfparkterduinen.be\/fr\/wp-json\/wp\/v2\/users\/1"}],"replies":[{"embeddable":true,"href":"https:\/\/kampeerverblijfparkterduinen.be\/fr\/wp-json\/wp\/v2\/comments?post=104"}],"version-history":[{"count":2,"href":"https:\/\/kampeerverblijfparkterduinen.be\/fr\/wp-json\/wp\/v2\/pages\/104\/revisions"}],"predecessor-version":[{"id":819,"href":"https:\/\/kampeerverblijfparkterduinen.be\/fr\/wp-json\/wp\/v2\/pages\/104\/revisions\/819"}],"wp:attachment":[{"href":"https:\/\/kampeerverblijfparkterduinen.be\/fr\/wp-json\/wp\/v2\/media?parent=104"}],"curies":[{"name":"wp","href":"https:\/\/api.w.org\/{rel}","templated":true}]}}