{"id":102,"date":"2014-05-16T15:34:36","date_gmt":"2014-05-16T13:34:36","guid":{"rendered":"https:\/\/www.kampeerverblijfparkterduinen.be\/?page_id=102"},"modified":"2025-07-30T10:29:31","modified_gmt":"2025-07-30T08:29:31","slug":"parc-emplacement-de-camping-ter-duinen","status":"publish","type":"page","link":"https:\/\/kampeerverblijfparkterduinen.be\/fr\/","title":{"rendered":"Parc emplacement de camping Ter Duinen"},"content":{"rendered":"<p class=\"p1\"><b>Kampeerverblijfpark Ter Duinen \u2013 Profitez du calme, de la nature et du confort<\/b><b><\/b><\/p>\n<p class=\"p3\">Le <span class=\"s1\"><b>Camping Ter Duinen<\/b><\/span> est situ\u00e9 \u00e0 <span class=\"s1\"><b>De Haan<\/b><\/span>, \u00e0 la lisi\u00e8re d\u2019une magnifique for\u00eat et \u00e0 quelques pas de la plage, de la mer et des dunes. Gr\u00e2ce \u00e0 son environnement verdoyant, ses emplacements spacieux et ses excellentes installations, vous vous sentirez rapidement chez vous. Chaque emplacement dispose d\u2019un vaste terrain priv\u00e9 avec une pelouse bien entretenue.<\/p>\n<p class=\"p1\"><b>Confort et commodit\u00e9s<br \/>\n<\/b><b><\/b>Bien que le camping offre tranquillit\u00e9 et espace, tout est pr\u00e9vu pour rendre vos vacances, week-ends ou courts s\u00e9jours aussi confortables que possible. Tous les emplacements fixes sont raccord\u00e9s \u00e0 l\u2019eau, \u00e0 l\u2019\u00e9lectricit\u00e9 et aux \u00e9gouts. Vous pouvez garer votre v\u00e9hicule directement sur votre emplacement.<\/p>\n<p class=\"p1\"><b>Loisirs et excursions<br \/>\n<\/b><b><\/b>Pour votre d\u00e9tente, le parc de loisirs adjacent propose une <span class=\"s1\"><b>piscine subtropicale<\/b><\/span> et diverses <span class=\"s1\"><b>installations sportives<\/b><\/span>. De plus, le camping est id\u00e9alement situ\u00e9 pour des excursions \u00e0 <span class=\"s1\"><b>Bruges, Knokke et Ostende<\/b><\/span>.<\/p>\n<p class=\"p1\"><b>Installations modernes<br \/>\n<\/b><b><\/b>Le <span class=\"s1\"><b>Camping Ter Duinen<\/b><\/span> investit dans les <span class=\"s1\"><b>nouvelles technologies<\/b><\/span>. Un nouveau complexe \u00e9quip\u00e9 d\u2019ordinateurs et du <span class=\"s1\"><b>Wi-Fi<\/b><\/span> vous permet de rester connect\u00e9 \u00e0 tout moment et de consulter facilement vos e-mails.<\/p>\n<p class=\"p1\"><b>Pour les campeurs en tente ou caravane<br \/>\n<\/b><b><\/b>Les campeurs avec <span class=\"s1\"><b>tente ou caravane<\/b><\/span> b\u00e9n\u00e9ficient \u00e9galement d\u2019un <span class=\"s1\"><b>confort optimal<\/b><\/span>. Les emplacements sont spacieux, bien entretenus, et vous avez acc\u00e8s \u00e0 des installations sanitaires modernes et luxueuses.<\/p>\n<p class=\"p1\"><b>Venez nous rendre visite !<br \/>\n<\/b><b><\/b>Envie de d\u00e9couvrir l\u2019ambiance du camping ? N\u2019h\u00e9sitez pas \u00e0 passer nous voir ! Nous sommes convaincus que vous passerez un s\u00e9jour agr\u00e9able au <span class=\"s1\"><b>Camping Ter Duinen<\/b><\/span>.<\/p>\n<p class=\"p1\"><b>Informations importantes sur les r\u00e9servations<\/b><b><\/b><\/p>\n<ul>\n<li class=\"p4\"><span class=\"s1\"><b>Haute saison (juillet et ao\u00fbt) :<\/b><\/span> Les r\u00e9servations pour caravanes et mobil-homes sont possibles uniquement \u00e0 partir de <span class=\"s1\"><b>quatre jours<\/b><\/span> et ne sont valables qu\u2019apr\u00e8s <span class=\"s1\"><b>confirmation<\/b><\/span>. Pour des s\u00e9jours plus courts, veuillez consulter la r\u00e9ception pour conna\u00eetre les disponibilit\u00e9s.<\/li>\n<li class=\"p4\"><span class=\"s1\"><b>Hors saison :<\/b><\/span> La dur\u00e9e minimale du s\u00e9jour est de <span class=\"s1\"><b>deux nuits<\/b><\/span>.<\/li>\n<li class=\"p4\"><span class=\"s1\"><b>Acc\u00e8s :<\/b><\/span> Vous devez pr\u00e9senter une <span class=\"s1\"><b>confirmation de r\u00e9servation<\/b><\/span> re\u00e7ue par e-mail avant votre arriv\u00e9e au camping.<\/li>\n<\/ul>\n<p class=\"p1\"><b>Horaires de la r\u00e9ception<\/b><b><\/b><\/p>\n<ul>\n<li class=\"p4\"><span class=\"s1\"><b>Basse et moyenne saison :<\/b><\/span> 09h00 &#8211; 11h00 et 13h00 &#8211; 16h00<\/li>\n<li class=\"p4\"><span class=\"s1\"><b>Pause d\u00e9jeuner :<\/b><\/span> Ferm\u00e9 entre 11h00 et 13h00<\/li>\n<\/ul>\n<p class=\"p1\"><b>P\u00e9riode d\u2019ouverture<br \/>\n<\/b><b><\/b>Le camping est ouvert jusqu\u2019\u00e0 <span class=\"s1\"><b>fin septembre<\/b><\/span> pour les caravanes tractables et les camping-cars.<\/p>\n","protected":false},"excerpt":{"rendered":"<p>Kampeerverblijfpark Ter Duinen \u2013 Profitez du calme, de la nature et du confort Le Camping Ter Duinen est situ\u00e9 \u00e0 De Haan, \u00e0 la lisi\u00e8re d\u2019une magnifique for\u00eat et \u00e0 quelques pas de la plage, de la mer et des dunes. Gr\u00e2ce \u00e0 son environnement verdoyant, ses emplacements spacieux et ses excellentes installations, vous vous [&hellip;]<\/p>\n","protected":false},"author":1,"featured_media":167,"parent":0,"menu_order":-999,"comment_status":"closed","ping_status":"closed","template":"","meta":{"ngg_post_thumbnail":0,"footnotes":""},"class_list":["post-102","page","type-page","status-publish","has-post-thumbnail","hentry"],"_links":{"self":[{"href":"https:\/\/kampeerverblijfparkterduinen.be\/fr\/wp-json\/wp\/v2\/pages\/102","targetHints":{"allow":["GET"]}}],"collection":[{"href":"https:\/\/kampeerverblijfparkterduinen.be\/fr\/wp-json\/wp\/v2\/pages"}],"about":[{"href":"https:\/\/kampeerverblijfparkterduinen.be\/fr\/wp-json\/wp\/v2\/types\/page"}],"author":[{"embeddable":true,"href":"https:\/\/kampeerverblijfparkterduinen.be\/fr\/wp-json\/wp\/v2\/users\/1"}],"replies":[{"embeddable":true,"href":"https:\/\/kampeerverblijfparkterduinen.be\/fr\/wp-json\/wp\/v2\/comments?post=102"}],"version-history":[{"count":12,"href":"https:\/\/kampeerverblijfparkterduinen.be\/fr\/wp-json\/wp\/v2\/pages\/102\/revisions"}],"predecessor-version":[{"id":1305,"href":"https:\/\/kampeerverblijfparkterduinen.be\/fr\/wp-json\/wp\/v2\/pages\/102\/revisions\/1305"}],"wp:featuredmedia":[{"embeddable":true,"href":"https:\/\/kampeerverblijfparkterduinen.be\/fr\/wp-json\/wp\/v2\/media\/167"}],"wp:attachment":[{"href":"https:\/\/kampeerverblijfparkterduinen.be\/fr\/wp-json\/wp\/v2\/media?parent=102"}],"curies":[{"name":"wp","href":"https:\/\/api.w.org\/{rel}","templated":true}]}}