{"id":68,"date":"2014-05-16T13:21:04","date_gmt":"2014-05-16T11:21:04","guid":{"rendered":"https:\/\/www.kampeerverblijfparkterduinen.be\/?page_id=68"},"modified":"2025-03-18T10:51:43","modified_gmt":"2025-03-18T09:51:43","slug":"resevierung","status":"publish","type":"page","link":"https:\/\/kampeerverblijfparkterduinen.be\/de\/resevierung\/","title":{"rendered":"Resevierung"},"content":{"rendered":"<p class=\"p1\"><b>Wichtige Informationen zur Reservierung<\/b><b><\/b><\/p>\n<ul>\n<li class=\"p4\"><span class=\"s1\"><b>Hauptsaison (Juli und August):<\/b><\/span> Reservierungen f\u00fcr <span class=\"s1\"><b>Wohnwagen und Mobilheime<\/b><\/span> sind nur ab <span class=\"s1\"><b>vier Tagen<\/b><\/span> m\u00f6glich und erst nach <span class=\"s1\"><b>Best\u00e4tigung<\/b><\/span> g\u00fcltig. F\u00fcr k\u00fcrzere Aufenthalte k\u00f6nnen Sie an der Rezeption nach freien Pl\u00e4tzen fragen.<\/li>\n<li class=\"p4\"><span class=\"s1\"><b>Nebensaison:<\/b><\/span> Die Mindestaufenthaltsdauer betr\u00e4gt <span class=\"s1\"><b>zwei N\u00e4chte<\/b><\/span>.<\/li>\n<li class=\"p4\"><span class=\"s1\"><b>Zugang:<\/b><\/span> Sie ben\u00f6tigen eine <span class=\"s1\"><b>g\u00fcltige Reservierungsbest\u00e4tigung<\/b><\/span>, die Sie nach Ihrer Buchung per E-Mail erhalten.<\/li>\n<\/ul>\n<p class=\"p1\"><b>\u00d6ffnungszeiten der Rezeption<\/b><b><\/b><\/p>\n<ul>\n<li class=\"p4\"><span class=\"s1\"><b>Vor- und Nachsaison:<\/b><\/span> 09:00 \u2013 11:00 und 13:00 \u2013 16:00<\/li>\n<li class=\"p4\"><span class=\"s1\"><b>Mittagspause:<\/b><\/span> Kein Zugang zwischen 11:30 und 13:00<\/li>\n<\/ul>\n<p class=\"p1\"><b>Saisonzeitraum<br \/>\n<\/b><b><\/b>Der Campingplatz ist bis <span class=\"s1\"><b>Ende September<\/b><\/span> f\u00fcr Wohnwagen und Wohnmobile ge\u00f6ffnet.<\/p>\n","protected":false},"excerpt":{"rendered":"<p>Wichtige Informationen zur Reservierung Hauptsaison (Juli und August): Reservierungen f\u00fcr Wohnwagen und Mobilheime sind nur ab vier Tagen m\u00f6glich und erst nach Best\u00e4tigung g\u00fcltig. F\u00fcr k\u00fcrzere Aufenthalte k\u00f6nnen Sie an der Rezeption nach freien Pl\u00e4tzen fragen. Nebensaison: Die Mindestaufenthaltsdauer betr\u00e4gt zwei N\u00e4chte. Zugang: Sie ben\u00f6tigen eine g\u00fcltige Reservierungsbest\u00e4tigung, die Sie nach Ihrer Buchung per E-Mail [&hellip;]<\/p>\n","protected":false},"author":1,"featured_media":172,"parent":0,"menu_order":5,"comment_status":"closed","ping_status":"closed","template":"templates\/reservation.php","meta":{"ngg_post_thumbnail":0,"footnotes":""},"class_list":["post-68","page","type-page","status-publish","has-post-thumbnail","hentry"],"_links":{"self":[{"href":"https:\/\/kampeerverblijfparkterduinen.be\/de\/wp-json\/wp\/v2\/pages\/68","targetHints":{"allow":["GET"]}}],"collection":[{"href":"https:\/\/kampeerverblijfparkterduinen.be\/de\/wp-json\/wp\/v2\/pages"}],"about":[{"href":"https:\/\/kampeerverblijfparkterduinen.be\/de\/wp-json\/wp\/v2\/types\/page"}],"author":[{"embeddable":true,"href":"https:\/\/kampeerverblijfparkterduinen.be\/de\/wp-json\/wp\/v2\/users\/1"}],"replies":[{"embeddable":true,"href":"https:\/\/kampeerverblijfparkterduinen.be\/de\/wp-json\/wp\/v2\/comments?post=68"}],"version-history":[{"count":9,"href":"https:\/\/kampeerverblijfparkterduinen.be\/de\/wp-json\/wp\/v2\/pages\/68\/revisions"}],"predecessor-version":[{"id":1240,"href":"https:\/\/kampeerverblijfparkterduinen.be\/de\/wp-json\/wp\/v2\/pages\/68\/revisions\/1240"}],"wp:featuredmedia":[{"embeddable":true,"href":"https:\/\/kampeerverblijfparkterduinen.be\/de\/wp-json\/wp\/v2\/media\/172"}],"wp:attachment":[{"href":"https:\/\/kampeerverblijfparkterduinen.be\/de\/wp-json\/wp\/v2\/media?parent=68"}],"curies":[{"name":"wp","href":"https:\/\/api.w.org\/{rel}","templated":true}]}}