{"id":62,"date":"2014-05-16T12:36:24","date_gmt":"2014-05-16T10:36:24","guid":{"rendered":"https:\/\/www.kampeerverblijfparkterduinen.be\/?page_id=62"},"modified":"2014-05-19T16:40:47","modified_gmt":"2014-05-19T14:40:47","slug":"brugge","status":"publish","type":"page","link":"https:\/\/kampeerverblijfparkterduinen.be\/de\/umgebung\/brugge\/","title":{"rendered":"Br\u00fcgge"},"content":{"rendered":"<p>Mussen wir das &#8218;Venedig des Nordens&#8216; nog vorstellen? Dieser weltweit ber\u00fchmten Spitzenbestimmung bietet ein Schatz von Kunst und Kultur.<\/p>\n<p>Der Belfried, Das Konzertgeb\u00e4ude oder die Blutkapelle sind nur einige Anziehungsp\u00fcnkte in dieser Mittelaltlicher Stadt.<\/p>\n<p>Es gibt viele Aktivit\u00e4te und Museen:<\/p>\n<ul>\n<li><a title=\"Diamond Museum\" href=\"http:\/\/www.diamondmuseum.be\" target=\"_blank\">Diamantmuseum<\/a><\/li>\n<li><a title=\"Chocolademuseum\" href=\"http:\/\/www.choco-story.be\" target=\"_blank\">Schokolademuseum<\/a><\/li>\n<li><a title=\"De Halve Maan\" href=\"http:\/\/www.halvemaan.be\" target=\"_blank\">Straffe Hendrik Brouwreri<\/a><\/li>\n<li>&#8230;<\/li>\n<\/ul>\n<p>Ein Ubersicht k\u00f6nnen Sie befragen am <a title=\"visit bruges\" href=\"http:\/\/www.visitbruges.be\" target=\"_blank\">visitbruges.be<\/a> oder auf die Website<br \/>\nder <a title=\"Stad Brugge\" href=\"http:\/\/www.brugge.be\" target=\"_blank\">Stadt Br\u00fcgge<\/a><\/p>\n","protected":false},"excerpt":{"rendered":"<p>Mussen wir das &#8218;Venedig des Nordens&#8216; nog vorstellen? Dieser weltweit ber\u00fchmten Spitzenbestimmung bietet ein Schatz von Kunst und Kultur. Der Belfried, Das Konzertgeb\u00e4ude oder die Blutkapelle sind nur einige Anziehungsp\u00fcnkte in dieser Mittelaltlicher Stadt. Es gibt viele Aktivit\u00e4te und Museen: Diamantmuseum Schokolademuseum Straffe Hendrik Brouwreri &#8230; Ein Ubersicht k\u00f6nnen Sie befragen am visitbruges.be oder auf [&hellip;]<\/p>\n","protected":false},"author":1,"featured_media":0,"parent":51,"menu_order":5,"comment_status":"closed","ping_status":"closed","template":"","meta":{"ngg_post_thumbnail":0,"footnotes":""},"class_list":["post-62","page","type-page","status-publish","hentry"],"_links":{"self":[{"href":"https:\/\/kampeerverblijfparkterduinen.be\/de\/wp-json\/wp\/v2\/pages\/62","targetHints":{"allow":["GET"]}}],"collection":[{"href":"https:\/\/kampeerverblijfparkterduinen.be\/de\/wp-json\/wp\/v2\/pages"}],"about":[{"href":"https:\/\/kampeerverblijfparkterduinen.be\/de\/wp-json\/wp\/v2\/types\/page"}],"author":[{"embeddable":true,"href":"https:\/\/kampeerverblijfparkterduinen.be\/de\/wp-json\/wp\/v2\/users\/1"}],"replies":[{"embeddable":true,"href":"https:\/\/kampeerverblijfparkterduinen.be\/de\/wp-json\/wp\/v2\/comments?post=62"}],"version-history":[{"count":2,"href":"https:\/\/kampeerverblijfparkterduinen.be\/de\/wp-json\/wp\/v2\/pages\/62\/revisions"}],"predecessor-version":[{"id":201,"href":"https:\/\/kampeerverblijfparkterduinen.be\/de\/wp-json\/wp\/v2\/pages\/62\/revisions\/201"}],"up":[{"embeddable":true,"href":"https:\/\/kampeerverblijfparkterduinen.be\/de\/wp-json\/wp\/v2\/pages\/51"}],"wp:attachment":[{"href":"https:\/\/kampeerverblijfparkterduinen.be\/de\/wp-json\/wp\/v2\/media?parent=62"}],"curies":[{"name":"wp","href":"https:\/\/api.w.org\/{rel}","templated":true}]}}