{"id":60,"date":"2014-05-16T12:23:30","date_gmt":"2014-05-16T10:23:30","guid":{"rendered":"https:\/\/www.kampeerverblijfparkterduinen.be\/?page_id=60"},"modified":"2014-05-19T09:57:28","modified_gmt":"2014-05-19T07:57:28","slug":"strand-und-see","status":"publish","type":"page","link":"https:\/\/kampeerverblijfparkterduinen.be\/de\/umgebung\/strand-und-see\/","title":{"rendered":"Strand und See"},"content":{"rendered":"<p>De Haan ist der stolze Besitzer eines 11 km feink\u00f6rnigen Sandstrandes, fast ein F\u00fcnftel der belgischen K\u00fcste.<br \/>\nMan kann sich sonnen, das Meer hineintauchen, Sportfischen, Volleyball oder Fubball spielen mit Freunden, Drachen steigen lassen, Sandb\u00fcrge bauen, romantisch schlendern, sich den Sonnenuntergang anschauen oder forsch am Wasser spazieren.<\/p>\n<p>Die prachtvollen Seedeichen von De Haan und Wenduine laden zum Trinken an einer der vielen gem\u00fctlichen Terrassen ein.<br \/>\nAls Familienbadeorte halten beide schon viele Jahren, die besseren Kinderstrandspielen in Ehren.<br \/>\nIn Juli und August finden hier denn auch w\u00f6chentlich Strandaktivit\u00e4ten platz: Schatzsuche, Sacklaufen, Blumengesch\u00e4fte, Sandskulpturen,\u2026<\/p>\n","protected":false},"excerpt":{"rendered":"<p>De Haan ist der stolze Besitzer eines 11 km feink\u00f6rnigen Sandstrandes, fast ein F\u00fcnftel der belgischen K\u00fcste. Man kann sich sonnen, das Meer hineintauchen, Sportfischen, Volleyball oder Fubball spielen mit Freunden, Drachen steigen lassen, Sandb\u00fcrge bauen, romantisch schlendern, sich den Sonnenuntergang anschauen oder forsch am Wasser spazieren. Die prachtvollen Seedeichen von De Haan und Wenduine [&hellip;]<\/p>\n","protected":false},"author":1,"featured_media":0,"parent":51,"menu_order":4,"comment_status":"closed","ping_status":"closed","template":"","meta":{"ngg_post_thumbnail":0,"footnotes":""},"class_list":["post-60","page","type-page","status-publish","hentry"],"_links":{"self":[{"href":"https:\/\/kampeerverblijfparkterduinen.be\/de\/wp-json\/wp\/v2\/pages\/60","targetHints":{"allow":["GET"]}}],"collection":[{"href":"https:\/\/kampeerverblijfparkterduinen.be\/de\/wp-json\/wp\/v2\/pages"}],"about":[{"href":"https:\/\/kampeerverblijfparkterduinen.be\/de\/wp-json\/wp\/v2\/types\/page"}],"author":[{"embeddable":true,"href":"https:\/\/kampeerverblijfparkterduinen.be\/de\/wp-json\/wp\/v2\/users\/1"}],"replies":[{"embeddable":true,"href":"https:\/\/kampeerverblijfparkterduinen.be\/de\/wp-json\/wp\/v2\/comments?post=60"}],"version-history":[{"count":2,"href":"https:\/\/kampeerverblijfparkterduinen.be\/de\/wp-json\/wp\/v2\/pages\/60\/revisions"}],"predecessor-version":[{"id":163,"href":"https:\/\/kampeerverblijfparkterduinen.be\/de\/wp-json\/wp\/v2\/pages\/60\/revisions\/163"}],"up":[{"embeddable":true,"href":"https:\/\/kampeerverblijfparkterduinen.be\/de\/wp-json\/wp\/v2\/pages\/51"}],"wp:attachment":[{"href":"https:\/\/kampeerverblijfparkterduinen.be\/de\/wp-json\/wp\/v2\/media?parent=60"}],"curies":[{"name":"wp","href":"https:\/\/api.w.org\/{rel}","templated":true}]}}