{"id":55,"date":"2014-05-16T12:20:06","date_gmt":"2014-05-16T10:20:06","guid":{"rendered":"https:\/\/www.kampeerverblijfparkterduinen.be\/?page_id=55"},"modified":"2014-05-19T09:52:30","modified_gmt":"2014-05-19T07:52:30","slug":"t-bosje-de","status":"publish","type":"page","link":"https:\/\/kampeerverblijfparkterduinen.be\/de\/umgebung\/t-bosje-de\/","title":{"rendered":"&#8218;t Bosje"},"content":{"rendered":"<p>Typisch f\u00fcr De Haan &#8211; Wenduine sind seine waldige Staatsd\u00fcnen; insgesamt 157 Ha. Sie haben eine nicht zu untersch\u00e4tzenden forstwirtschaftlichen Bedeutung: zwischen 150 und 700 Meter vom Meer entfernt. Die B\u00e4ume sind ununterbrochen an die, f\u00fcr sie ung\u00fcnstigen Naturelemente ausgesetzt (Salz und Meereswind). Das Behalten dieser W\u00e4lder in solchen Umst\u00e4nden ist derhalb merkw\u00fcrdig. In diesen W\u00e4ldern sind f\u00fcr die Spazierg\u00e4nger zahlreiche Wanderwege angelegt. Die waldige D\u00fcnenzone De Haan-Zentrum -Vosseslag ist auch bemerkenswert als Wander- und Naturgebiet. Auch merkw\u00fcrdig sind die Naturreservate &#8222;De Kijkuit&#8220; und &#8222;De Zandpanne&#8220;.<\/p>\n","protected":false},"excerpt":{"rendered":"<p>Typisch f\u00fcr De Haan &#8211; Wenduine sind seine waldige Staatsd\u00fcnen; insgesamt 157 Ha. Sie haben eine nicht zu untersch\u00e4tzenden forstwirtschaftlichen Bedeutung: zwischen 150 und 700 Meter vom Meer entfernt. Die B\u00e4ume sind ununterbrochen an die, f\u00fcr sie ung\u00fcnstigen Naturelemente ausgesetzt (Salz und Meereswind). Das Behalten dieser W\u00e4lder in solchen Umst\u00e4nden ist derhalb merkw\u00fcrdig. In diesen [&hellip;]<\/p>\n","protected":false},"author":1,"featured_media":0,"parent":51,"menu_order":2,"comment_status":"closed","ping_status":"closed","template":"","meta":{"ngg_post_thumbnail":0,"footnotes":""},"class_list":["post-55","page","type-page","status-publish","hentry"],"_links":{"self":[{"href":"https:\/\/kampeerverblijfparkterduinen.be\/de\/wp-json\/wp\/v2\/pages\/55","targetHints":{"allow":["GET"]}}],"collection":[{"href":"https:\/\/kampeerverblijfparkterduinen.be\/de\/wp-json\/wp\/v2\/pages"}],"about":[{"href":"https:\/\/kampeerverblijfparkterduinen.be\/de\/wp-json\/wp\/v2\/types\/page"}],"author":[{"embeddable":true,"href":"https:\/\/kampeerverblijfparkterduinen.be\/de\/wp-json\/wp\/v2\/users\/1"}],"replies":[{"embeddable":true,"href":"https:\/\/kampeerverblijfparkterduinen.be\/de\/wp-json\/wp\/v2\/comments?post=55"}],"version-history":[{"count":2,"href":"https:\/\/kampeerverblijfparkterduinen.be\/de\/wp-json\/wp\/v2\/pages\/55\/revisions"}],"predecessor-version":[{"id":57,"href":"https:\/\/kampeerverblijfparkterduinen.be\/de\/wp-json\/wp\/v2\/pages\/55\/revisions\/57"}],"up":[{"embeddable":true,"href":"https:\/\/kampeerverblijfparkterduinen.be\/de\/wp-json\/wp\/v2\/pages\/51"}],"wp:attachment":[{"href":"https:\/\/kampeerverblijfparkterduinen.be\/de\/wp-json\/wp\/v2\/media?parent=55"}],"curies":[{"name":"wp","href":"https:\/\/api.w.org\/{rel}","templated":true}]}}