{"id":53,"date":"2014-05-16T12:19:18","date_gmt":"2014-05-16T10:19:18","guid":{"rendered":"https:\/\/www.kampeerverblijfparkterduinen.be\/?page_id=53"},"modified":"2014-05-19T09:50:51","modified_gmt":"2014-05-19T07:50:51","slug":"de-haan-de","status":"publish","type":"page","link":"https:\/\/kampeerverblijfparkterduinen.be\/de\/umgebung\/de-haan-de\/","title":{"rendered":"De Haan"},"content":{"rendered":"<p>De Haan liegt zentral an der belgischen K\u00fcste kaum 20 Km entfernt von der Kunststadt Brugge und dem l\u00e4ndlichen und stimmungsvollen Damme.<br \/>\nGastfreundlichkeit, freundlicher Empfang und gesunde Erholung sind die Haupttr\u00fcmpfe unserer reizenden Urlaubszentren: Feuerwerke, kunstvolle Freiluftaktivit\u00e4ten, Folklorefestspiele, Promenadenkonzerte und Jazzvorf\u00fchrungen heitern Ihren Aufenthalt auf.<\/p>\n<p><a href=\"http:\/\/www.dehaan.be\" target=\"_blank\">www.dehaan.be<\/a><\/p>\n","protected":false},"excerpt":{"rendered":"<p>De Haan liegt zentral an der belgischen K\u00fcste kaum 20 Km entfernt von der Kunststadt Brugge und dem l\u00e4ndlichen und stimmungsvollen Damme. Gastfreundlichkeit, freundlicher Empfang und gesunde Erholung sind die Haupttr\u00fcmpfe unserer reizenden Urlaubszentren: Feuerwerke, kunstvolle Freiluftaktivit\u00e4ten, Folklorefestspiele, Promenadenkonzerte und Jazzvorf\u00fchrungen heitern Ihren Aufenthalt auf. www.dehaan.be<\/p>\n","protected":false},"author":1,"featured_media":0,"parent":51,"menu_order":1,"comment_status":"closed","ping_status":"closed","template":"","meta":{"ngg_post_thumbnail":0,"footnotes":""},"class_list":["post-53","page","type-page","status-publish","hentry"],"_links":{"self":[{"href":"https:\/\/kampeerverblijfparkterduinen.be\/de\/wp-json\/wp\/v2\/pages\/53","targetHints":{"allow":["GET"]}}],"collection":[{"href":"https:\/\/kampeerverblijfparkterduinen.be\/de\/wp-json\/wp\/v2\/pages"}],"about":[{"href":"https:\/\/kampeerverblijfparkterduinen.be\/de\/wp-json\/wp\/v2\/types\/page"}],"author":[{"embeddable":true,"href":"https:\/\/kampeerverblijfparkterduinen.be\/de\/wp-json\/wp\/v2\/users\/1"}],"replies":[{"embeddable":true,"href":"https:\/\/kampeerverblijfparkterduinen.be\/de\/wp-json\/wp\/v2\/comments?post=53"}],"version-history":[{"count":1,"href":"https:\/\/kampeerverblijfparkterduinen.be\/de\/wp-json\/wp\/v2\/pages\/53\/revisions"}],"predecessor-version":[{"id":54,"href":"https:\/\/kampeerverblijfparkterduinen.be\/de\/wp-json\/wp\/v2\/pages\/53\/revisions\/54"}],"up":[{"embeddable":true,"href":"https:\/\/kampeerverblijfparkterduinen.be\/de\/wp-json\/wp\/v2\/pages\/51"}],"wp:attachment":[{"href":"https:\/\/kampeerverblijfparkterduinen.be\/de\/wp-json\/wp\/v2\/media?parent=53"}],"curies":[{"name":"wp","href":"https:\/\/api.w.org\/{rel}","templated":true}]}}