{"id":51,"date":"2014-05-16T12:18:33","date_gmt":"2014-05-16T10:18:33","guid":{"rendered":"https:\/\/www.kampeerverblijfparkterduinen.be\/?page_id=51"},"modified":"2014-05-19T16:34:35","modified_gmt":"2014-05-19T14:34:35","slug":"umgebung","status":"publish","type":"page","link":"https:\/\/kampeerverblijfparkterduinen.be\/de\/umgebung\/","title":{"rendered":"Umgebung"},"content":{"rendered":"<p>Die N\u00e4he von Badeorte und Kulturst\u00e4dte sind sehr geeignet f\u00fcr Exkursionen:<\/p>\n<ul>\n<li><a title=\"Brugge\" href=\"http:\/\/www.brugge.be\" target=\"_blank\">Br\u00fcgge<\/a><\/li>\n<li><a title=\"Damme\" href=\"http:\/\/ww.damme.be\" target=\"_blank\">Damme<\/a><\/li>\n<li><a title=\"Oostende\" href=\"http:\/\/www.oostende.be\" target=\"_blank\">Oostende<\/a><\/li>\n<li><a title=\"Blankenberge\" href=\"http:\/\/www.blankenberge.be\" target=\"_blank\">Blankenberge<\/a><\/li>\n<\/ul>\n","protected":false},"excerpt":{"rendered":"<p>Die N\u00e4he von Badeorte und Kulturst\u00e4dte sind sehr geeignet f\u00fcr Exkursionen: Br\u00fcgge Damme Oostende Blankenberge<\/p>\n","protected":false},"author":1,"featured_media":192,"parent":0,"menu_order":3,"comment_status":"closed","ping_status":"closed","template":"","meta":{"ngg_post_thumbnail":0,"footnotes":""},"class_list":["post-51","page","type-page","status-publish","has-post-thumbnail","hentry"],"_links":{"self":[{"href":"https:\/\/kampeerverblijfparkterduinen.be\/de\/wp-json\/wp\/v2\/pages\/51","targetHints":{"allow":["GET"]}}],"collection":[{"href":"https:\/\/kampeerverblijfparkterduinen.be\/de\/wp-json\/wp\/v2\/pages"}],"about":[{"href":"https:\/\/kampeerverblijfparkterduinen.be\/de\/wp-json\/wp\/v2\/types\/page"}],"author":[{"embeddable":true,"href":"https:\/\/kampeerverblijfparkterduinen.be\/de\/wp-json\/wp\/v2\/users\/1"}],"replies":[{"embeddable":true,"href":"https:\/\/kampeerverblijfparkterduinen.be\/de\/wp-json\/wp\/v2\/comments?post=51"}],"version-history":[{"count":1,"href":"https:\/\/kampeerverblijfparkterduinen.be\/de\/wp-json\/wp\/v2\/pages\/51\/revisions"}],"predecessor-version":[{"id":52,"href":"https:\/\/kampeerverblijfparkterduinen.be\/de\/wp-json\/wp\/v2\/pages\/51\/revisions\/52"}],"wp:featuredmedia":[{"embeddable":true,"href":"https:\/\/kampeerverblijfparkterduinen.be\/de\/wp-json\/wp\/v2\/media\/192"}],"wp:attachment":[{"href":"https:\/\/kampeerverblijfparkterduinen.be\/de\/wp-json\/wp\/v2\/media?parent=51"}],"curies":[{"name":"wp","href":"https:\/\/api.w.org\/{rel}","templated":true}]}}