{"id":45,"date":"2014-05-16T12:05:17","date_gmt":"2014-05-16T10:05:17","guid":{"rendered":"https:\/\/www.kampeerverblijfparkterduinen.be\/?page_id=45"},"modified":"2020-08-07T10:29:49","modified_gmt":"2020-08-07T08:29:49","slug":"einrichtungen","status":"publish","type":"page","link":"https:\/\/kampeerverblijfparkterduinen.be\/de\/einrichtungen\/","title":{"rendered":"Einrichtungen"},"content":{"rendered":"<p>Alle modernen Fazilit\u00e4ten sind am Campingplatz verf\u00fcgbar:<\/p>\n<ul>\n<li>Waschsalon<\/li>\n<li>B\u00fcgelstatt<\/li>\n<li>Spielgarten<\/li>\n<\/ul>\n<p>Ter Duinen denkt auch an die neueste Technologie. Seit 2007 gibt es ein neuen Komplex mit Computer. In diesen neuen Geb\u00e4ude k\u00f6nnen Sie sich mit Ihrem Laptop am Internet verbinden. E-mails nachschauen ist also einfach am Campingplatz.<\/p>\n","protected":false},"excerpt":{"rendered":"<p>Alle modernen Fazilit\u00e4ten sind am Campingplatz verf\u00fcgbar: Waschsalon B\u00fcgelstatt Spielgarten Ter Duinen denkt auch an die neueste Technologie. Seit 2007 gibt es ein neuen Komplex mit Computer. In diesen neuen Geb\u00e4ude k\u00f6nnen Sie sich mit Ihrem Laptop am Internet verbinden. E-mails nachschauen ist also einfach am Campingplatz.<\/p>\n","protected":false},"author":1,"featured_media":0,"parent":0,"menu_order":2,"comment_status":"closed","ping_status":"closed","template":"","meta":{"ngg_post_thumbnail":0,"footnotes":""},"class_list":["post-45","page","type-page","status-publish","hentry"],"_links":{"self":[{"href":"https:\/\/kampeerverblijfparkterduinen.be\/de\/wp-json\/wp\/v2\/pages\/45","targetHints":{"allow":["GET"]}}],"collection":[{"href":"https:\/\/kampeerverblijfparkterduinen.be\/de\/wp-json\/wp\/v2\/pages"}],"about":[{"href":"https:\/\/kampeerverblijfparkterduinen.be\/de\/wp-json\/wp\/v2\/types\/page"}],"author":[{"embeddable":true,"href":"https:\/\/kampeerverblijfparkterduinen.be\/de\/wp-json\/wp\/v2\/users\/1"}],"replies":[{"embeddable":true,"href":"https:\/\/kampeerverblijfparkterduinen.be\/de\/wp-json\/wp\/v2\/comments?post=45"}],"version-history":[{"count":3,"href":"https:\/\/kampeerverblijfparkterduinen.be\/de\/wp-json\/wp\/v2\/pages\/45\/revisions"}],"predecessor-version":[{"id":818,"href":"https:\/\/kampeerverblijfparkterduinen.be\/de\/wp-json\/wp\/v2\/pages\/45\/revisions\/818"}],"wp:attachment":[{"href":"https:\/\/kampeerverblijfparkterduinen.be\/de\/wp-json\/wp\/v2\/media?parent=45"}],"curies":[{"name":"wp","href":"https:\/\/api.w.org\/{rel}","templated":true}]}}