{"id":43,"date":"2014-05-16T12:02:27","date_gmt":"2014-05-16T10:02:27","guid":{"rendered":"https:\/\/www.kampeerverblijfparkterduinen.be\/?page_id=43"},"modified":"2025-07-30T10:29:43","modified_gmt":"2025-07-30T08:29:43","slug":"kampeerverblijfpark-ter-duinen-de","status":"publish","type":"page","link":"https:\/\/kampeerverblijfparkterduinen.be\/de\/","title":{"rendered":"Campingplatz Unterkunft Ter Duinen"},"content":{"rendered":"<p class=\"p1\"><b>Campingplatz Ter Duinen \u2013 Erleben Sie Ruhe, Natur und Komfort<\/b><b><\/b><\/p>\n<p class=\"p3\">Der <span class=\"s1\"><b>Campingplatz Ter Duinen<\/b><\/span> liegt in <span class=\"s1\"><b>De Haan<\/b><\/span>, am Rande eines wundersch\u00f6nen Waldes und nur wenige Gehminuten vom <span class=\"s1\"><b>Strand, Meer und den D\u00fcnen<\/b><\/span> entfernt. Dank der gr\u00fcnen Umgebung, gro\u00dfz\u00fcgigen Stellpl\u00e4tze und erstklassigen Einrichtungen werden Sie sich hier sofort wohlf\u00fchlen. Jeder Stellplatz verf\u00fcgt \u00fcber ein <span class=\"s1\"><b>gro\u00dfz\u00fcgiges privates Gel\u00e4nde<\/b><\/span> mit gepflegtem Rasen.<\/p>\n<p class=\"p1\"><b>Komfort und Bequemlichkeit<br \/>\n<\/b><b><\/b>Obwohl der Campingplatz viel <span class=\"s1\"><b>Ruhe und Platz<\/b><\/span> bietet, fehlt es Ihnen an nichts, um Ihren Urlaub, ein Wochenende oder ein paar freie Tage in vollen Z\u00fcgen zu genie\u00dfen. Alle <span class=\"s1\"><b>festen Stellpl\u00e4tze<\/b><\/span> sind mit Wasser, Strom und Abwasseranschluss ausgestattet. Ihr Fahrzeug k\u00f6nnen Sie direkt auf Ihrem Stellplatz parken.<\/p>\n<p class=\"p1\"><b>Freizeit und Ausfl\u00fcge<br \/>\n<\/b><b><\/b>F\u00fcr Ihre Erholung bietet der <span class=\"s1\"><b>angrenzende Freizeitpark<\/b><\/span> ein <span class=\"s1\"><b>subtropisches Schwimmbad<\/b><\/span> sowie verschiedene <span class=\"s1\"><b>Sportanlagen<\/b><\/span>. Dar\u00fcber hinaus liegt der Campingplatz zentral f\u00fcr <span class=\"s1\"><b>Ausfl\u00fcge nach Br\u00fcgge, Knokke und Ostende<\/b><\/span>.<\/p>\n<p class=\"p1\"><b>Moderne Einrichtungen<br \/>\n<\/b><b><\/b>Der <span class=\"s1\"><b>Campingplatz Ter Duinen<\/b><\/span> investiert in <span class=\"s1\"><b>moderne Technologien<\/b><\/span>. Ein neues Geb\u00e4ude mit <span class=\"s1\"><b>Computern und WLAN<\/b><\/span> erm\u00f6glicht Ihnen einen einfachen Zugang zum Internet, damit Sie jederzeit erreichbar bleiben und bequem Ihre E-Mails abrufen k\u00f6nnen.<\/p>\n<p class=\"p1\"><b>F\u00fcr Zelt- und Wohnwagen-Camper<br \/>\n<\/b><b><\/b>Auch G\u00e4ste mit <span class=\"s1\"><b>Zelten oder Wohnwagen<\/b><\/span> genie\u00dfen den Komfort des <span class=\"s1\"><b>Campingplatzes Ter Duinen<\/b><\/span>. Die Stellpl\u00e4tze sind gro\u00dfz\u00fcgig angelegt, gepflegt und mit <span class=\"s1\"><b>hochwertigen Sanit\u00e4ranlagen<\/b><\/span> ausgestattet.<\/p>\n<p class=\"p1\"><b>Besuchen Sie uns!<br \/>\n<\/b><b><\/b>M\u00f6chten Sie den Campingplatz selbst erleben? Schauen Sie einfach vorbei! Wir sind sicher, dass Sie Ihren Aufenthalt auf dem <span class=\"s1\"><b>Campingplatz Ter Duinen<\/b><\/span> genie\u00dfen werden.<\/p>\n<p class=\"p1\"><b>Wichtige Informationen zur Reservierung<\/b><b><\/b><\/p>\n<ul>\n<li class=\"p4\"><span class=\"s1\"><b>Hauptsaison (Juli und August):<\/b><\/span> Reservierungen f\u00fcr <span class=\"s1\"><b>Wohnwagen und Mobilheime<\/b><\/span> sind nur ab <span class=\"s1\"><b>vier Tagen<\/b><\/span> m\u00f6glich und erst nach <span class=\"s1\"><b>Best\u00e4tigung<\/b><\/span> g\u00fcltig. F\u00fcr k\u00fcrzere Aufenthalte k\u00f6nnen Sie an der Rezeption nach freien Pl\u00e4tzen fragen.<\/li>\n<li class=\"p4\"><span class=\"s1\"><b>Nebensaison:<\/b><\/span> Die Mindestaufenthaltsdauer betr\u00e4gt <span class=\"s1\"><b>zwei N\u00e4chte<\/b><\/span>.<\/li>\n<li class=\"p4\"><span class=\"s1\"><b>Zugang:<\/b><\/span> Sie ben\u00f6tigen eine <span class=\"s1\"><b>g\u00fcltige Reservierungsbest\u00e4tigung<\/b><\/span>, die Sie nach Ihrer Buchung per E-Mail erhalten.<\/li>\n<\/ul>\n<p class=\"p1\"><b>\u00d6ffnungszeiten der Rezeption<\/b><b><\/b><\/p>\n<ul>\n<li class=\"p4\"><span class=\"s1\"><b>Vor- und Nachsaison:<\/b><\/span> 09:00 &#8211; 11:00 und 13:00 &#8211; 16:00<\/li>\n<li class=\"p4\"><span class=\"s1\"><b>Mittagspause:<\/b><\/span> Kein Zugang zwischen 11:00 und 13:00<\/li>\n<\/ul>\n<p class=\"p1\"><b>Saisonzeitraum<br \/>\n<\/b><b><\/b>Der Campingplatz ist bis 15<span class=\"s1\"><b>\u00a0September<\/b><\/span> f\u00fcr Wohnwagen und Wohnmobile ge\u00f6ffnet.<\/p>\n","protected":false},"excerpt":{"rendered":"<p>Campingplatz Ter Duinen \u2013 Erleben Sie Ruhe, Natur und Komfort Der Campingplatz Ter Duinen liegt in De Haan, am Rande eines wundersch\u00f6nen Waldes und nur wenige Gehminuten vom Strand, Meer und den D\u00fcnen entfernt. Dank der gr\u00fcnen Umgebung, gro\u00dfz\u00fcgigen Stellpl\u00e4tze und erstklassigen Einrichtungen werden Sie sich hier sofort wohlf\u00fchlen. Jeder Stellplatz verf\u00fcgt \u00fcber ein gro\u00dfz\u00fcgiges [&hellip;]<\/p>\n","protected":false},"author":1,"featured_media":167,"parent":0,"menu_order":-999,"comment_status":"closed","ping_status":"closed","template":"","meta":{"ngg_post_thumbnail":0,"footnotes":""},"class_list":["post-43","page","type-page","status-publish","has-post-thumbnail","hentry"],"_links":{"self":[{"href":"https:\/\/kampeerverblijfparkterduinen.be\/de\/wp-json\/wp\/v2\/pages\/43","targetHints":{"allow":["GET"]}}],"collection":[{"href":"https:\/\/kampeerverblijfparkterduinen.be\/de\/wp-json\/wp\/v2\/pages"}],"about":[{"href":"https:\/\/kampeerverblijfparkterduinen.be\/de\/wp-json\/wp\/v2\/types\/page"}],"author":[{"embeddable":true,"href":"https:\/\/kampeerverblijfparkterduinen.be\/de\/wp-json\/wp\/v2\/users\/1"}],"replies":[{"embeddable":true,"href":"https:\/\/kampeerverblijfparkterduinen.be\/de\/wp-json\/wp\/v2\/comments?post=43"}],"version-history":[{"count":16,"href":"https:\/\/kampeerverblijfparkterduinen.be\/de\/wp-json\/wp\/v2\/pages\/43\/revisions"}],"predecessor-version":[{"id":1306,"href":"https:\/\/kampeerverblijfparkterduinen.be\/de\/wp-json\/wp\/v2\/pages\/43\/revisions\/1306"}],"wp:featuredmedia":[{"embeddable":true,"href":"https:\/\/kampeerverblijfparkterduinen.be\/de\/wp-json\/wp\/v2\/media\/167"}],"wp:attachment":[{"href":"https:\/\/kampeerverblijfparkterduinen.be\/de\/wp-json\/wp\/v2\/media?parent=43"}],"curies":[{"name":"wp","href":"https:\/\/api.w.org\/{rel}","templated":true}]}}